{"id":95,"date":"2011-10-10T14:53:42","date_gmt":"2011-10-10T12:53:42","guid":{"rendered":"http:\/\/kanannevet1.wordpress.com\/?page_id=95"},"modified":"2026-02-27T09:22:01","modified_gmt":"2026-02-27T08:22:01","slug":"reglement-interieur","status":"publish","type":"page","link":"https:\/\/kanannevet.fr\/blog\/?page_id=95","title":{"rendered":"Administration"},"content":{"rendered":"<p style=\"text-align: center;\"><strong>LE BUREAU DE KAN AN NEVET<br \/>\n<\/strong><\/p>\n<p>Pr\u00e9sident :<strong> Jean Luc Broustal<\/strong><\/p>\n<p>Vice-pr\u00e9sident :<\/p>\n<p>Chef de Ch\u0153ur : <strong>Ana\u00efk Rannou<\/strong><\/p>\n<p>Tr\u00e9sori\u00e8re :\u00a0<strong> Marie Pierre Leroy<br \/>\n<\/strong><\/p>\n<p>Tr\u00e9sorier adjoint :<strong> \u00a0 Andr\u00e9 Urvoas<\/strong><\/p>\n<p>Secr\u00e9taire :<strong> Annie Suignard<\/strong><\/p>\n<p>Secr\u00e9taire adjoint : <strong>Roger Salaun<\/strong><\/p>\n<p>Responsable du site internet : <strong>Jean-Yves Dou\u00e9rin<\/strong><\/p>\n<p>Les membres :<strong> Claudine Bozec<\/strong>,\u00a0<strong> Michel Varnoux,\u00a0 Ellen Bazin, Ghislaine Pennaneac&rsquo;h,\u00a0<\/strong><strong> Paul Bourhis, Jean-Yves Mulard et Jean-Michel Tanguy<\/strong><\/p>\n<p style=\"text-align: center;\"><a href=\"https:\/\/kanannevet.fr\/blog\/wp-content\/uploads\/2023\/04\/Conseil-dadministration-2023-avec-JM-Tanguy-scaled.jpg\" target=\"_blank\" rel=\"noopener\"><img loading=\"lazy\" decoding=\"async\" class=\"aligncenter size-medium wp-image-9319\" src=\"https:\/\/kanannevet.fr\/blog\/wp-content\/uploads\/2023\/04\/Conseil-dadministration-2023-avec-JM-Tanguy-300x204.jpg\" alt=\"\" width=\"300\" height=\"204\" srcset=\"https:\/\/kanannevet.fr\/blog\/wp-content\/uploads\/2023\/04\/Conseil-dadministration-2023-avec-JM-Tanguy-300x204.jpg 300w, https:\/\/kanannevet.fr\/blog\/wp-content\/uploads\/2023\/04\/Conseil-dadministration-2023-avec-JM-Tanguy-1024x696.jpg 1024w, https:\/\/kanannevet.fr\/blog\/wp-content\/uploads\/2023\/04\/Conseil-dadministration-2023-avec-JM-Tanguy-768x522.jpg 768w, https:\/\/kanannevet.fr\/blog\/wp-content\/uploads\/2023\/04\/Conseil-dadministration-2023-avec-JM-Tanguy-1536x1044.jpg 1536w, https:\/\/kanannevet.fr\/blog\/wp-content\/uploads\/2023\/04\/Conseil-dadministration-2023-avec-JM-Tanguy-2048x1392.jpg 2048w, https:\/\/kanannevet.fr\/blog\/wp-content\/uploads\/2023\/04\/Conseil-dadministration-2023-avec-JM-Tanguy-750x510.jpg 750w\" sizes=\"auto, (max-width: 300px) 100vw, 300px\" \/><\/a><\/p>\n<p style=\"text-align: center;\">*********************************************************************************************<\/p>\n<p><a href=\"https:\/\/kanannevet.fr\/blog\/wp-content\/uploads\/2023\/04\/reglement-interieur.pdf\" target=\"_blank\" rel=\"noopener\"><img loading=\"lazy\" decoding=\"async\" class=\"aligncenter size-medium wp-image-9375\" src=\"https:\/\/kanannevet.fr\/blog\/wp-content\/uploads\/2023\/04\/le-reglement-interieur-300x134.jpg\" alt=\"\" width=\"300\" height=\"134\" srcset=\"https:\/\/kanannevet.fr\/blog\/wp-content\/uploads\/2023\/04\/le-reglement-interieur-300x134.jpg 300w, https:\/\/kanannevet.fr\/blog\/wp-content\/uploads\/2023\/04\/le-reglement-interieur.jpg 335w\" sizes=\"auto, (max-width: 300px) 100vw, 300px\" \/><\/a><\/p>\n<p><a href=\"https:\/\/kanannevet.fr\/blog\/wp-content\/uploads\/2023\/04\/Statuts.pdf\" target=\"_blank\" rel=\"noopener\"><img loading=\"lazy\" decoding=\"async\" class=\"aligncenter size-medium wp-image-9372\" src=\"https:\/\/kanannevet.fr\/blog\/wp-content\/uploads\/2023\/04\/Les-statuts-300x145.png\" alt=\"\" width=\"300\" height=\"145\" srcset=\"https:\/\/kanannevet.fr\/blog\/wp-content\/uploads\/2023\/04\/Les-statuts-300x145.png 300w, https:\/\/kanannevet.fr\/blog\/wp-content\/uploads\/2023\/04\/Les-statuts-1024x494.png 1024w, https:\/\/kanannevet.fr\/blog\/wp-content\/uploads\/2023\/04\/Les-statuts-768x370.png 768w, https:\/\/kanannevet.fr\/blog\/wp-content\/uploads\/2023\/04\/Les-statuts-1536x741.png 1536w, https:\/\/kanannevet.fr\/blog\/wp-content\/uploads\/2023\/04\/Les-statuts-750x362.png 750w, https:\/\/kanannevet.fr\/blog\/wp-content\/uploads\/2023\/04\/Les-statuts.png 1700w\" sizes=\"auto, (max-width: 300px) 100vw, 300px\" \/><\/a><\/p>\n<p style=\"text-align: center;\">********************************************************************************************<\/p>\n<h3 class=\"western\"><strong>Les partenaires :<\/strong><\/h3>\n<table border=\"0\" width=\"837\" cellspacing=\"0\" cellpadding=\"0\">\n<colgroup>\n<col width=\"210\" \/>\n<col width=\"209\" \/>\n<col width=\"209\" \/>\n<col width=\"209\" \/> <\/colgroup>\n<tbody>\n<tr valign=\"TOP\">\n<td width=\"210\">\n<p align=\"CENTER\"><strong>SUPER U de Plogonnec<\/strong><\/p>\n<p align=\"CENTER\"><img decoding=\"async\" src=\"https:\/\/kanannevet.fr\/blog\/wp-content\/uploads\/2023\/12\/logo-super-U.png\" \/><\/p>\n<\/td>\n<td width=\"209\">\n<p align=\"CENTER\"><strong>GROUPAMA Loire &#8211; Bretagne<\/strong><\/p>\n<p align=\"CENTER\"><a href=\"https:\/\/www.groupama.fr\/page-agence\/-\/agence\/agence-plogonnec\" target=\"_blank\" rel=\"noopener noreferrer\"><img loading=\"lazy\" decoding=\"async\" src=\"https:\/\/kanannevet.fr\/blog\/wp-content\/uploads\/2011\/10\/Groupama-150-150x37.jpg\" width=\"150\" height=\"37\" name=\"images2\" align=\"BOTTOM\" border=\"0\" \/><\/a><\/p>\n<p align=\"CENTER\">\n<\/td>\n<td width=\"209\">\n<p align=\"CENTER\"><b>CyberPlogo<\/b><\/p>\n<p align=\"CENTER\"><a href=\"https:\/\/cyberplogo.weebly.com\/\" target=\"_blank\" rel=\"noopener noreferrer\"><img loading=\"lazy\" decoding=\"async\" src=\"https:\/\/kanannevet.fr\/blog\/wp-content\/uploads\/2018\/04\/logo_cyberplogo.jpg\" width=\"182\" height=\"144\" name=\"images5\" border=\"0\" \/><\/a><\/p>\n<\/td>\n<td width=\"209\">\n<p align=\"CENTER\"><strong>La Mairie de Plogonnec<\/strong><\/p>\n<p align=\"CENTER\"><a href=\"https:\/\/www.plogonnec.fr\/\" target=\"_blank\" rel=\"noopener noreferrer\"><img loading=\"lazy\" decoding=\"async\" src=\"https:\/\/kanannevet.fr\/blog\/wp-content\/uploads\/2011\/10\/109px-Blason_ville_fr_Plogonnec_Finist\u00e8re.svg_.png\" width=\"109\" height=\"120\" name=\"images3\" align=\"BOTTOM\" border=\"0\" \/><\/a><\/p>\n<\/td>\n<\/tr>\n<\/tbody>\n<\/table>\n<p style=\"text-align: center;\"><strong>Les cuisines Schmidt<\/strong><\/p>\n<p><a href=\"https:\/\/www.home-design.schmidt\/fr-fr\/magasin-schmidt\/0003000117-quimper\" target=\"_blank\" rel=\"noopener noreferrer\"><img decoding=\"async\" class=\"aligncenter\" src=\"https:\/\/kanannevet.fr\/blog\/wp-content\/uploads\/2019\/04\/schmidt.jpg\" \/><\/a><\/p>\n","protected":false},"excerpt":{"rendered":"<p>LE BUREAU DE KAN AN NEVET Pr\u00e9sident : Jean Luc Broustal Vice-pr\u00e9sident : Chef de Ch\u0153ur : Ana\u00efk Rannou Tr\u00e9sori\u00e8re :\u00a0 Marie Pierre Leroy Tr\u00e9sorier adjoint : \u00a0 Andr\u00e9 Urvoas Secr\u00e9taire : Annie Suignard Secr\u00e9taire adjoint : Roger Salaun Responsable du site internet : Jean-Yves Dou\u00e9rin Les membres : Claudine Bozec,\u00a0 Michel Varnoux,\u00a0 Ellen Bazin, &hellip; <\/p>\n<p><a class=\"more-link btn\" href=\"https:\/\/kanannevet.fr\/blog\/?page_id=95\">Lire la suite<\/a><\/p>\n","protected":false},"author":1,"featured_media":0,"parent":0,"menu_order":0,"comment_status":"open","ping_status":"open","template":"","meta":{"_price":"","_stock":"","_tribe_ticket_header":"","_tribe_default_ticket_provider":"","_tribe_ticket_capacity":"0","_ticket_start_date":"","_ticket_end_date":"","_tribe_ticket_show_description":"","_tribe_ticket_show_not_going":false,"_tribe_ticket_use_global_stock":"","_tribe_ticket_global_stock_level":"","_global_stock_mode":"","_global_stock_cap":"","_tribe_rsvp_for_event":"","_tribe_ticket_going_count":"","_tribe_ticket_not_going_count":"","_tribe_tickets_list":"[]","_tribe_ticket_has_attendee_info_fields":false,"footnotes":"","_tec_slr_enabled":"","_tec_slr_layout":""},"class_list":["post-95","page","type-page","status-publish","hentry","nodate","item-wrap"],"ticketed":false,"_links":{"self":[{"href":"https:\/\/kanannevet.fr\/blog\/index.php?rest_route=\/wp\/v2\/pages\/95","targetHints":{"allow":["GET"]}}],"collection":[{"href":"https:\/\/kanannevet.fr\/blog\/index.php?rest_route=\/wp\/v2\/pages"}],"about":[{"href":"https:\/\/kanannevet.fr\/blog\/index.php?rest_route=\/wp\/v2\/types\/page"}],"author":[{"embeddable":true,"href":"https:\/\/kanannevet.fr\/blog\/index.php?rest_route=\/wp\/v2\/users\/1"}],"replies":[{"embeddable":true,"href":"https:\/\/kanannevet.fr\/blog\/index.php?rest_route=%2Fwp%2Fv2%2Fcomments&post=95"}],"version-history":[{"count":81,"href":"https:\/\/kanannevet.fr\/blog\/index.php?rest_route=\/wp\/v2\/pages\/95\/revisions"}],"predecessor-version":[{"id":11765,"href":"https:\/\/kanannevet.fr\/blog\/index.php?rest_route=\/wp\/v2\/pages\/95\/revisions\/11765"}],"wp:attachment":[{"href":"https:\/\/kanannevet.fr\/blog\/index.php?rest_route=%2Fwp%2Fv2%2Fmedia&parent=95"}],"curies":[{"name":"wp","href":"https:\/\/api.w.org\/{rel}","templated":true}]}}