{"id":7001,"date":"2020-02-29T15:47:46","date_gmt":"2020-02-29T14:47:46","guid":{"rendered":"http:\/\/kanannevet.fr\/blog\/?page_id=7001"},"modified":"2025-11-20T21:09:10","modified_gmt":"2025-11-20T20:09:10","slug":"articles-des-annees-precedentes","status":"publish","type":"page","link":"https:\/\/kanannevet.fr\/blog\/?page_id=7001","title":{"rendered":"Articles des ann\u00e9es pr\u00e9c\u00e9dentes"},"content":{"rendered":"","protected":true},"excerpt":{"rendered":"","protected":true},"author":1,"featured_media":0,"parent":0,"menu_order":0,"comment_status":"closed","ping_status":"closed","template":"","meta":{"_price":"","_stock":"","_tribe_ticket_header":"","_tribe_default_ticket_provider":"","_tribe_ticket_capacity":"0","_ticket_start_date":"","_ticket_end_date":"","_tribe_ticket_show_description":"","_tribe_ticket_show_not_going":false,"_tribe_ticket_use_global_stock":"","_tribe_ticket_global_stock_level":"","_global_stock_mode":"","_global_stock_cap":"","_tribe_rsvp_for_event":"","_tribe_ticket_going_count":"","_tribe_ticket_not_going_count":"","_tribe_tickets_list":"[]","_tribe_ticket_has_attendee_info_fields":false,"footnotes":"","_tec_slr_enabled":"","_tec_slr_layout":""},"class_list":["post-7001","page","type-page","status-publish","post-password-required","hentry","nodate","item-wrap"],"ticketed":false,"_links":{"self":[{"href":"https:\/\/kanannevet.fr\/blog\/index.php?rest_route=\/wp\/v2\/pages\/7001","targetHints":{"allow":["GET"]}}],"collection":[{"href":"https:\/\/kanannevet.fr\/blog\/index.php?rest_route=\/wp\/v2\/pages"}],"about":[{"href":"https:\/\/kanannevet.fr\/blog\/index.php?rest_route=\/wp\/v2\/types\/page"}],"author":[{"embeddable":true,"href":"https:\/\/kanannevet.fr\/blog\/index.php?rest_route=\/wp\/v2\/users\/1"}],"replies":[{"embeddable":true,"href":"https:\/\/kanannevet.fr\/blog\/index.php?rest_route=%2Fwp%2Fv2%2Fcomments&post=7001"}],"version-history":[{"count":1,"href":"https:\/\/kanannevet.fr\/blog\/index.php?rest_route=\/wp\/v2\/pages\/7001\/revisions"}],"predecessor-version":[{"id":7002,"href":"https:\/\/kanannevet.fr\/blog\/index.php?rest_route=\/wp\/v2\/pages\/7001\/revisions\/7002"}],"wp:attachment":[{"href":"https:\/\/kanannevet.fr\/blog\/index.php?rest_route=%2Fwp%2Fv2%2Fmedia&parent=7001"}],"curies":[{"name":"wp","href":"https:\/\/api.w.org\/{rel}","templated":true}]}}