{"id":57,"date":"2011-10-10T10:57:03","date_gmt":"2011-10-10T08:57:03","guid":{"rendered":"http:\/\/kanannevet1.wordpress.com\/?page_id=57"},"modified":"2026-05-01T11:52:09","modified_gmt":"2026-05-01T09:52:09","slug":"actualites","status":"publish","type":"page","link":"https:\/\/kanannevet.fr\/blog\/?page_id=57","title":{"rendered":"Actualit\u00e9s"},"content":{"rendered":"<p><strong>NOS\u00a0 PROCHAINS CONCERTS 2026 :<\/strong><\/p>\n<ul>\n<li>Concert \u00e0 la Cath\u00e9drale de Quimper le 31 mai 2026 \u00e0 16h00 en premi\u00e8re partie de Per Vari Kervarec.<\/li>\n<\/ul>\n<p style=\"text-align: center;\">*<\/p>\n<p style=\"text-align: center;\">****************************************************************************<\/p>\n<h4 class=\"western\"><strong>Les partenaires :<\/strong><\/h4>\n<table border=\"0\" width=\"837\" cellspacing=\"0\" cellpadding=\"0\">\n<colgroup>\n<col width=\"210\" \/>\n<col width=\"209\" \/>\n<col width=\"209\" \/>\n<col width=\"209\" \/> <\/colgroup>\n<tbody>\n<tr valign=\"TOP\">\n<td width=\"210\">\n<p align=\"CENTER\"><strong>SUPER U de Plogonnec<\/strong><\/p>\n<p align=\"CENTER\"><a href=\"https:\/\/kanannevet.fr\/blog\/wp-content\/uploads\/2023\/12\/logo-super-U.png\"><img loading=\"lazy\" decoding=\"async\" class=\"aligncenter size-full wp-image-9906\" src=\"https:\/\/kanannevet.fr\/blog\/wp-content\/uploads\/2023\/12\/logo-super-U.png\" alt=\"\" width=\"204\" height=\"192\" \/><\/a><\/p>\n<p align=\"CENTER\">\n<\/td>\n<td width=\"209\">\n<p align=\"CENTER\"><strong>GROUPAMA Loire &#8211; Bretagne<\/strong><\/p>\n<p align=\"CENTER\"><a href=\"https:\/\/www.groupama.fr\/page-agence\/-\/agence\/agence-plogonnec\" target=\"_blank\" rel=\"noopener noreferrer\"><img loading=\"lazy\" decoding=\"async\" src=\"https:\/\/kanannevet.fr\/blog\/wp-content\/uploads\/2011\/10\/Groupama-150-150x37.jpg\" width=\"150\" height=\"37\" name=\"images2\" align=\"BOTTOM\" border=\"0\" \/><\/a><\/p>\n<p align=\"CENTER\">\n<\/td>\n<td width=\"209\">\n<p align=\"CENTER\"><b>CyberPlogo<\/b><\/p>\n<p align=\"CENTER\"><a href=\"https:\/\/cyberplogo.weebly.com\/\" target=\"_blank\" rel=\"noopener noreferrer\"><img loading=\"lazy\" decoding=\"async\" src=\"https:\/\/kanannevet.fr\/blog\/wp-content\/uploads\/2018\/04\/logo_cyberplogo.jpg\" width=\"182\" height=\"144\" name=\"images5\" border=\"0\" \/><\/a><\/p>\n<\/td>\n<td width=\"209\">\n<p align=\"CENTER\"><strong>La Mairie de Plogonnec<\/strong><\/p>\n<p align=\"CENTER\"><a href=\"https:\/\/www.plogonnec.fr\/\" target=\"_blank\" rel=\"noopener noreferrer\"><img loading=\"lazy\" decoding=\"async\" src=\"https:\/\/kanannevet.fr\/blog\/wp-content\/uploads\/2011\/10\/109px-Blason_ville_fr_Plogonnec_Finist\u00e8re.svg_.png\" width=\"109\" height=\"120\" name=\"images3\" align=\"BOTTOM\" border=\"0\" \/><\/a><\/p>\n<\/td>\n<\/tr>\n<\/tbody>\n<\/table>\n<p style=\"text-align: center;\"><strong>Les cuisines Schmidt<\/strong><\/p>\n<p><a href=\"https:\/\/www.home-design.schmidt\/fr-fr\/magasin-schmidt\/0003000117-quimper\" target=\"_blank\" rel=\"noopener noreferrer\"><img decoding=\"async\" class=\"aligncenter\" src=\"https:\/\/kanannevet.fr\/blog\/wp-content\/uploads\/2019\/04\/schmidt.jpg\" \/><\/a><\/p>\n<p style=\"text-align: center;\">&#8212;&#8212;&#8212;&#8212;&#8212;&#8212;&#8212;&#8212;&#8212;&#8212;&#8212;&#8212;&#8212;&#8212;&#8212;&#8212;&#8212;&#8212;&#8212;&#8212;&#8212;&#8212;&#8212;&#8212;&#8212;&#8212;&#8212;&#8212;&#8212;&#8212;&#8212;&#8212;<\/p>\n<hr \/>\n<table style=\"height: 206px;\" width=\"829\">\n<tbody>\n<tr>\n<td style=\"text-align: center;\" width=\"614\">\u00a0<a href=\"https:\/\/kanannevet.fr\/blog\/wp-content\/uploads\/2011\/10\/LOGO-CHORALE.jpg\" rel=\"attachment wp-att-1801\"><img loading=\"lazy\" decoding=\"async\" class=\"aligncenter size-thumbnail wp-image-1801\" src=\"https:\/\/kanannevet.fr\/blog\/wp-content\/uploads\/2015\/09\/LOGO_CHORALE-002-150x150.jpg\" alt=\"LOGO_CHORALE-002\" width=\"150\" height=\"150\" srcset=\"https:\/\/kanannevet.fr\/blog\/wp-content\/uploads\/2015\/09\/LOGO_CHORALE-002-150x150.jpg 150w, https:\/\/kanannevet.fr\/blog\/wp-content\/uploads\/2015\/09\/LOGO_CHORALE-002-300x300.jpg 300w, https:\/\/kanannevet.fr\/blog\/wp-content\/uploads\/2015\/09\/LOGO_CHORALE-002.jpg 320w\" sizes=\"auto, (max-width: 150px) 100vw, 150px\" \/><\/a><\/td>\n<\/tr>\n<\/tbody>\n<\/table>\n<p style=\"text-align: center;\">&#8212;&#8212;&#8212;&#8212;&#8212;&#8212;&#8212;&#8212;&#8212;&#8212;&#8212;&#8212;&#8212;&#8212;&#8212;&#8212;&#8212;&#8212;&#8212;&#8212;&#8212;&#8212;&#8212;&#8212;&#8212;&#8212;&#8212;&#8212;&#8212;&#8212;&#8212;&#8212;&#8212;&#8211;<\/p>\n<p><span style=\"border-radius: 2px; text-indent: 20px; width: auto; padding: 0px 4px 0px 0px; text-align: center; font: bold 11px\/20px 'Helvetica Neue',Helvetica,sans-serif; color: #ffffff; background: #bd081c no-repeat scroll 3px 50% \/ 14px 14px; position: absolute; opacity: 1; z-index: 8675309; display: none; cursor: pointer;\">Enregistrer<\/span><\/p>\n<p><span style=\"border-radius: 2px; text-indent: 20px; width: auto; padding: 0px 4px 0px 0px; text-align: center; font: bold 11px\/20px 'Helvetica Neue',Helvetica,sans-serif; color: #ffffff; background: #bd081c no-repeat scroll 3px 50% \/ 14px 14px; position: absolute; opacity: 1; z-index: 8675309; display: none; cursor: pointer;\">Enregistrer<\/span><\/p>\n<p><span style=\"border-radius: 2px; text-indent: 20px; width: auto; padding: 0px 4px 0px 0px; text-align: center; font: bold 11px\/20px 'Helvetica Neue',Helvetica,sans-serif; color: #ffffff; background: #bd081c no-repeat scroll 3px 50% \/ 14px 14px; position: absolute; opacity: 1; z-index: 8675309; display: none; cursor: pointer;\">Enregistrer<\/span><\/p>\n<p><span style=\"border-radius: 2px; text-indent: 20px; width: auto; padding: 0px 4px 0px 0px; text-align: center; font: bold 11px\/20px 'Helvetica Neue',Helvetica,sans-serif; color: #ffffff; background: #bd081c no-repeat scroll 3px 50% \/ 14px 14px; position: absolute; opacity: 1; z-index: 8675309; display: none; cursor: pointer;\">Enregistrer<\/span><\/p>\n","protected":false},"excerpt":{"rendered":"<p>NOS\u00a0 PROCHAINS CONCERTS 2026 : Concert \u00e0 la Cath\u00e9drale de Quimper le 31 mai 2026 \u00e0 16h00 en premi\u00e8re partie de Per Vari Kervarec. * **************************************************************************** Les partenaires : SUPER U de Plogonnec GROUPAMA Loire &#8211; Bretagne CyberPlogo La Mairie de Plogonnec Les cuisines Schmidt &#8212;&#8212;&#8212;&#8212;&#8212;&#8212;&#8212;&#8212;&#8212;&#8212;&#8212;&#8212;&#8212;&#8212;&#8212;&#8212;&#8212;&#8212;&#8212;&#8212;&#8212;&#8212;&#8212;&#8212;&#8212;&#8212;&#8212;&#8212;&#8212;&#8212;&#8212;&#8212; \u00a0 &#8212;&#8212;&#8212;&#8212;&#8212;&#8212;&#8212;&#8212;&#8212;&#8212;&#8212;&#8212;&#8212;&#8212;&#8212;&#8212;&#8212;&#8212;&#8212;&#8212;&#8212;&#8212;&#8212;&#8212;&#8212;&#8212;&#8212;&#8212;&#8212;&#8212;&#8212;&#8212;&#8212;&#8211; Enregistrer Enregistrer Enregistrer Enregistrer<\/p>\n","protected":false},"author":1,"featured_media":0,"parent":0,"menu_order":0,"comment_status":"open","ping_status":"closed","template":"","meta":{"_price":"","_stock":"","_tribe_ticket_header":"","_tribe_default_ticket_provider":"","_tribe_ticket_capacity":"0","_ticket_start_date":"","_ticket_end_date":"","_tribe_ticket_show_description":"","_tribe_ticket_show_not_going":false,"_tribe_ticket_use_global_stock":"","_tribe_ticket_global_stock_level":"","_global_stock_mode":"","_global_stock_cap":"","_tribe_rsvp_for_event":"","_tribe_ticket_going_count":"","_tribe_ticket_not_going_count":"","_tribe_tickets_list":"[]","_tribe_ticket_has_attendee_info_fields":false,"footnotes":"","_tec_slr_enabled":"","_tec_slr_layout":""},"class_list":["post-57","page","type-page","status-publish","hentry","nodate","item-wrap"],"ticketed":false,"_links":{"self":[{"href":"https:\/\/kanannevet.fr\/blog\/index.php?rest_route=\/wp\/v2\/pages\/57","targetHints":{"allow":["GET"]}}],"collection":[{"href":"https:\/\/kanannevet.fr\/blog\/index.php?rest_route=\/wp\/v2\/pages"}],"about":[{"href":"https:\/\/kanannevet.fr\/blog\/index.php?rest_route=\/wp\/v2\/types\/page"}],"author":[{"embeddable":true,"href":"https:\/\/kanannevet.fr\/blog\/index.php?rest_route=\/wp\/v2\/users\/1"}],"replies":[{"embeddable":true,"href":"https:\/\/kanannevet.fr\/blog\/index.php?rest_route=%2Fwp%2Fv2%2Fcomments&post=57"}],"version-history":[{"count":549,"href":"https:\/\/kanannevet.fr\/blog\/index.php?rest_route=\/wp\/v2\/pages\/57\/revisions"}],"predecessor-version":[{"id":12569,"href":"https:\/\/kanannevet.fr\/blog\/index.php?rest_route=\/wp\/v2\/pages\/57\/revisions\/12569"}],"wp:attachment":[{"href":"https:\/\/kanannevet.fr\/blog\/index.php?rest_route=%2Fwp%2Fv2%2Fmedia&parent=57"}],"curies":[{"name":"wp","href":"https:\/\/api.w.org\/{rel}","templated":true}]}}