{"id":5,"date":"2011-10-09T17:09:31","date_gmt":"2011-10-09T15:09:31","guid":{"rendered":"http:\/\/kanannevet1.wordpress.com\/?page_id=4"},"modified":"2023-12-05T22:22:08","modified_gmt":"2023-12-05T21:22:08","slug":"histoire","status":"publish","type":"page","link":"https:\/\/kanannevet.fr\/blog\/?page_id=5","title":{"rendered":"Histoire"},"content":{"rendered":"<p class=\"MsoNormal\">\u00a0La volont\u00e9 d&rsquo;un chef de choeur et la rencontre de passionn\u00e9s de musique et de chant a fait le reste<\/p>\n<p class=\"MsoNormal\">\u00a0un article dans la presse, et petit \u00e0 petit les pupitres s&rsquo;\u00e9toffent&#8230;<\/p>\n<p class=\"MsoNormal\">\u00a0Une premi\u00e8re r\u00e9union le 17 mars 2011 pendant laquelle les premi\u00e8res d\u00e9cisions sont prises<\/p>\n<p class=\"MsoNormal\">\u00a0&#8211; cr\u00e9er une association<\/p>\n<p class=\"MsoNormal\">\u00a0&#8211; \u00e0 Plogonnec<\/p>\n<p class=\"MsoNormal\">\u00a0&#8211; se r\u00e9unir le jeudi de 20 h 15 \u00e0 22h00 \u00ab\u00a0PR\u00c9CISES\u00a0\u00bb<\/p>\n<p class=\"MsoNormal\">\u00a0&#8211; constituer un bureau<\/p>\n<p class=\"MsoNormal\">\u00a0D\u00e9p\u00f4t des statuts en pr\u00e9fecture apr\u00e8s la premi\u00e8re r\u00e9union de bureau du 14 avril 2011.<\/p>\n<p class=\"MsoNormal\">\u00a0Et \u00e0 force de travail, de patience, de recalage et de pers\u00e9v\u00e9rance, cinq chants sont sur le grill et en bonne voie.<\/p>\n<p class=\"MsoNormal\">\u00a0Deux mois apr\u00e8s notre premi\u00e8re rencontre, d\u00e9j\u00e0 deux propositions de concerts en ao\u00fbt 2011.<\/p>\n<p class=\"MsoNormal\">\u00a0Un groupe dynamique et motiv\u00e9, cinq chants de plus, et nous voil\u00e0 \u00e0 dix chants, des difficult\u00e9s, des \u00ab\u00a0r\u00e9p\u00e9t\u00a0\u00bb sont rajout\u00e9es et tout \u00e7a dans la bonne humeur le sourire et l&rsquo;envie de donner de la voix dans le Nevet.<\/p>\n<p class=\"MsoNormal\">\u00a0D\u00e8s le mois de juin 2011, premi\u00e8re repr\u00e9sentation pour les<strong> r\u00e9sidents de l&rsquo;EHPAD de Plogonnec<\/strong>.Tr\u00e8s bon public. Nous avons pris conscience des efforts \u00e0 fournir pour les prochains concerts, mais cependant un r\u00e9sultat positif pour les premiers chants appris, donc les plus travaill\u00e9s.<\/p>\n<p class=\"MsoNormal\">\u00a0Pour notre premier concert en plein air, dans le cadre des <strong>march\u00e9s nocturnes \u00a0cet \u00e9t\u00e9 \u00e0 Plogonnec<\/strong>,\u00a0 la pluie \u00e9tait au rendez vous. \u00a0Repli strat\u00e9giques au coeur m\u00eame des trois caf\u00e9s du bourg de Plogonnec nous ont accueillis \u00e0 tour de r\u00f4le. Ambiance garantie \u00a0et nous avons termin\u00e9 par un bon casse croute \u00e0 l&rsquo;abri!!<\/p>\n<p class=\"MsoNormal\">\u00a0D\u00e9but ao\u00fbt, une belle prestation au pardon de la<strong> chapelle Saint Pierre de Plogonnec<\/strong>, qui aura vu\u00a0 pr\u00e8s de 200 personnes \u00a0applaudir les choristes et les musiciens. Nous avons d\u00fb r\u00e9pondre au bis repetita en reprenant le dernier chant de notre r\u00e9pertoire. Certains d&rsquo;entre eux sont m\u00eame venus nous encourager \u00e0 continuer dans cette&#8230; voix..et non, cette voie! \u00a0Pour clore cette belle apr\u00e8s-midi, le comit\u00e9 du pardon nous a offert un caf\u00e9 g\u00e2teau.<\/p>\n<p style=\"text-align: center;\">&#8212;&#8212;&#8212;&#8212;&#8212;&#8212;&#8212;&#8212;&#8212;&#8212;&#8212;&#8212;&#8212;&#8212;&#8212;&#8212;&#8212;&#8212;&#8212;&#8212;&#8212;&#8212;&#8212;&#8212;&#8212;&#8212;&#8212;&#8212;&#8212;&#8212;&#8212;&#8212;&#8212;&#8212;<\/p>\n<hr \/>\n<h4 class=\"western\"><strong>Les partenaires :<\/strong><\/h4>\n<table border=\"0\" width=\"100%\" cellspacing=\"0\" cellpadding=\"0\">\n<colgroup>\n<col width=\"64*\" \/>\n<col width=\"64*\" \/>\n<col width=\"64*\" \/>\n<col width=\"64*\" \/> <\/colgroup>\n<tbody>\n<tr valign=\"TOP\">\n<td width=\"25%\">\n<p align=\"CENTER\"><strong>SUPER U de Plogonnec<\/strong><\/p>\n<p align=\"CENTER\">\n<p align=\"CENTER\"><img decoding=\"async\" src=\"https:\/\/kanannevet.fr\/blog\/wp-content\/uploads\/2023\/12\/logo-super-U.png\" \/><\/p>\n<\/td>\n<td width=\"25%\">\n<p align=\"CENTER\"><strong>GROUPAMA Loire &#8211; Bretagne<\/strong><\/p>\n<p align=\"CENTER\"><a href=\"https:\/\/www.groupama.fr\/page-agence\/-\/agence\/agence-plogonnec\" target=\"_blank\" rel=\"noopener noreferrer\"><img loading=\"lazy\" decoding=\"async\" src=\"https:\/\/kanannevet.fr\/blog\/wp-content\/uploads\/2011\/10\/Groupama-150-150x37.jpg\" width=\"150\" height=\"37\" name=\"images2\" align=\"BOTTOM\" border=\"0\" \/><\/a><\/p>\n<p align=\"CENTER\">\n<\/td>\n<td width=\"25%\">\n<p align=\"CENTER\"><b>CyberPlogo<\/b><\/p>\n<p align=\"CENTER\"><a href=\"https:\/\/cyberplogo.weebly.com\/\" target=\"_blank\" rel=\"noopener noreferrer\"><img loading=\"lazy\" decoding=\"async\" src=\"https:\/\/kanannevet.fr\/blog\/wp-content\/uploads\/2018\/04\/logo_cyberplogo.jpg\" width=\"182\" height=\"144\" name=\"images5\" border=\"0\" \/><\/a><\/p>\n<\/td>\n<td width=\"25%\">\n<p align=\"CENTER\"><strong>La Mairie de Plogonnec<\/strong><\/p>\n<p align=\"CENTER\"><a href=\"https:\/\/www.plogonnec.fr\/\" target=\"_blank\" rel=\"noopener noreferrer\"><img loading=\"lazy\" decoding=\"async\" src=\"https:\/\/kanannevet.fr\/blog\/wp-content\/uploads\/2011\/10\/109px-Blason_ville_fr_Plogonnec_Finist\u00e8re.svg_.png\" width=\"109\" height=\"120\" name=\"images3\" align=\"BOTTOM\" border=\"0\" \/><\/a><\/p>\n<\/td>\n<\/tr>\n<\/tbody>\n<\/table>\n<p style=\"text-align: center;\"><strong>Les cuisines Schmidt<\/strong><\/p>\n<p><a href=\"https:\/\/www.home-design.schmidt\/fr-fr\/magasin-schmidt\/0003000117-quimper\" target=\"_blank\" rel=\"noopener noreferrer\"><img decoding=\"async\" class=\"aligncenter\" src=\"https:\/\/kanannevet.fr\/blog\/wp-content\/uploads\/2019\/04\/schmidt.jpg\" \/><\/a><\/p>\n","protected":false},"excerpt":{"rendered":"<p>\u00a0La volont\u00e9 d&rsquo;un chef de choeur et la rencontre de passionn\u00e9s de musique et de chant a fait le reste \u00a0un article dans la presse, et petit \u00e0 petit les pupitres s&rsquo;\u00e9toffent&#8230; \u00a0Une premi\u00e8re r\u00e9union le 17 mars 2011 pendant laquelle les premi\u00e8res d\u00e9cisions sont prises \u00a0&#8211; cr\u00e9er une association \u00a0&#8211; \u00e0 Plogonnec \u00a0&#8211; se &hellip; <\/p>\n<p><a class=\"more-link btn\" href=\"https:\/\/kanannevet.fr\/blog\/?page_id=5\">Lire la suite<\/a><\/p>\n","protected":false},"author":1,"featured_media":0,"parent":0,"menu_order":0,"comment_status":"open","ping_status":"closed","template":"","meta":{"_price":"","_stock":"","_tribe_ticket_header":"","_tribe_default_ticket_provider":"","_tribe_ticket_capacity":"0","_ticket_start_date":"","_ticket_end_date":"","_tribe_ticket_show_description":"","_tribe_ticket_show_not_going":false,"_tribe_ticket_use_global_stock":"","_tribe_ticket_global_stock_level":"","_global_stock_mode":"","_global_stock_cap":"","_tribe_rsvp_for_event":"","_tribe_ticket_going_count":"","_tribe_ticket_not_going_count":"","_tribe_tickets_list":"[]","_tribe_ticket_has_attendee_info_fields":false,"footnotes":"","_tec_slr_enabled":"","_tec_slr_layout":""},"class_list":["post-5","page","type-page","status-publish","hentry","nodate","item-wrap"],"ticketed":false,"_links":{"self":[{"href":"https:\/\/kanannevet.fr\/blog\/index.php?rest_route=\/wp\/v2\/pages\/5","targetHints":{"allow":["GET"]}}],"collection":[{"href":"https:\/\/kanannevet.fr\/blog\/index.php?rest_route=\/wp\/v2\/pages"}],"about":[{"href":"https:\/\/kanannevet.fr\/blog\/index.php?rest_route=\/wp\/v2\/types\/page"}],"author":[{"embeddable":true,"href":"https:\/\/kanannevet.fr\/blog\/index.php?rest_route=\/wp\/v2\/users\/1"}],"replies":[{"embeddable":true,"href":"https:\/\/kanannevet.fr\/blog\/index.php?rest_route=%2Fwp%2Fv2%2Fcomments&post=5"}],"version-history":[{"count":16,"href":"https:\/\/kanannevet.fr\/blog\/index.php?rest_route=\/wp\/v2\/pages\/5\/revisions"}],"predecessor-version":[{"id":9911,"href":"https:\/\/kanannevet.fr\/blog\/index.php?rest_route=\/wp\/v2\/pages\/5\/revisions\/9911"}],"wp:attachment":[{"href":"https:\/\/kanannevet.fr\/blog\/index.php?rest_route=%2Fwp%2Fv2%2Fmedia&parent=5"}],"curies":[{"name":"wp","href":"https:\/\/api.w.org\/{rel}","templated":true}]}}