{"id":2196,"date":"2016-01-10T11:55:08","date_gmt":"2016-01-10T10:55:08","guid":{"rendered":"http:\/\/kanannevet.fr\/blog\/?page_id=2196"},"modified":"2016-04-26T14:08:58","modified_gmt":"2016-04-26T12:08:58","slug":"le-livre-dor","status":"publish","type":"page","link":"https:\/\/kanannevet.fr\/blog\/?page_id=2196","title":{"rendered":"Le livre d&rsquo;or"},"content":{"rendered":"<div class=\"gwolle-gb\"><div class=\"gwolle-gb-messages-top-container\"><\/div>\n\t\t\t<div class=\"gwolle-gb-write-button\">\n\t\t\t\t<input type=\"button\" name=\"gwolle-gb-write-button\" class=\"button btn btn-default \" value=\"\u00c9crire un nouveau message\" aria-expanded=\"false\" \/>\n\t\t\t<\/div>\n\t\t\t<form action=\"#\" method=\"POST\" class=\"gwolle-gb-write gwolle-gb-hide gwolle-gb-float gwolle-gb-form-ajax gwolle-gb-ajax gwolle-gb-not-logged-in\">\n\t\t\t\t<h3>Le livre d&#39;or<\/h3>\n\t\t\t\t<button type=\"button\" class=\"gb-notice-dismiss\">x<span class=\"screen-reader-text\">Masquer ce formulaire.<\/span><\/button>\n\t\t\t\n\t\t\t\t<input type=\"hidden\" name=\"gwolle_gb_function\" class=\"gwolle_gb_function\" value=\"add_entry\" \/><input type=\"hidden\" name=\"gwolle_gb_book_id\" class=\"gwolle_gb_book_id\" value=\"1\" \/><div class=\"gwolle_gb_3e3708fb66893ff147421a6526d1fa9a\">\n\t\t\t\t<div class=\"label\"><label for=\"gwolle_gb_3e3708fb66893ff147421a6526d1fa9a-1\" class=\"text-info\">Nom <span class=\"required\">*<\/span><\/label><\/div>\n\t\t\t\t<div class=\"input\"><input class=\"wp-exclude-emoji gwolle_gb_3e3708fb66893ff147421a6526d1fa9a\" value=\"\" type=\"text\" id=\"gwolle_gb_3e3708fb66893ff147421a6526d1fa9a-1\" name=\"gwolle_gb_3e3708fb66893ff147421a6526d1fa9a\" required \/><\/div>\n\t\t\t\t<div class=\"clearBoth\">&nbsp;<\/div>\n\t\t\t<\/div><div class=\"gwolle_gb_3feeb36d513b2bf4384fbfcc27725654\">\n\t\t\t\t<div class=\"label\"><label for=\"gwolle_gb_3feeb36d513b2bf4384fbfcc27725654-1\" class=\"text-info\">E-mail<\/label><\/div>\n\t\t\t\t<div class=\"input\"><input class=\"gwolle_gb_3feeb36d513b2bf4384fbfcc27725654\" value=\"\" type=\"email\" id=\"gwolle_gb_3feeb36d513b2bf4384fbfcc27725654-1\" name=\"gwolle_gb_3feeb36d513b2bf4384fbfcc27725654\" \/><\/div>\n\t\t\t\t<div class=\"clearBoth\">&nbsp;<\/div>\n\t\t\t<\/div>\n\t\t\t<div class=\"gwolle_gb_92dec61f63d5b0681247f4a60eb976d8\" style=\"display:none;overflow:hidden;\" hidden=\"true\" aria-hidden=\"true\">\n\t\t\t\t<div class=\"label\">\n\t\t\t\t\t<label for=\"gwolle_gb_92dec61f63d5b0681247f4a60eb976d8-1\" class=\"text-primary\">Ne touchez pas \u00e0 ceci<\/label>\n\t\t\t\t\t<label for=\"gwolle_gb_f21cd4d0e588d6f1119a161327926f21-1\" class=\"text-primary\">Ne touchez pas \u00e0 ceci<\/label>\n\t\t\t\t<\/div>\n\t\t\t\t<div class=\"input\">\n\t\t\t\t\t<input value=\"84\" type=\"text\" id=\"gwolle_gb_92dec61f63d5b0681247f4a60eb976d8-1\" name=\"gwolle_gb_92dec61f63d5b0681247f4a60eb976d8\" class=\"gwolle_gb_92dec61f63d5b0681247f4a60eb976d8\" style=\"transform: translateY(10000px);\" \/>\n\t\t\t\t\t<input value=\"\" type=\"text\" name=\"gwolle_gb_f21cd4d0e588d6f1119a161327926f21\" id=\"gwolle_gb_f21cd4d0e588d6f1119a161327926f21-1\" class=\"gwolle_gb_f21cd4d0e588d6f1119a161327926f21\" style=\"transform: translateY(10000px);\" \/>\n\t\t\t\t<\/div>\n\t\t\t\t<div class=\"clearBoth\"><\/div>\n\t\t\t<\/div>\n\t\t\t<div class=\"gwolle_gb_250bcaad5cbc1001b5f983a7f73cfacf\" style=\"display:none;overflow:hidden;\" hidden=\"true\" aria-hidden=\"true\">\n\t\t\t\t<div class=\"label\">\n\t\t\t\t\t<label for=\"gwolle_gb_250bcaad5cbc1001b5f983a7f73cfacf-1\" class=\"text-primary\">Ne touchez pas \u00e0 ceci<\/label>\n\t\t\t\t\t<label for=\"gwolle_gb_6a0939da0a05dfc17cade770465c6fb0-1\" class=\"text-primary\">Ne touchez pas \u00e0 ceci<\/label>\n\t\t\t\t<\/div>\n\t\t\t\t<div class=\"input\">\n\t\t\t\t\t<input value=\"12143\" type=\"text\" id=\"gwolle_gb_250bcaad5cbc1001b5f983a7f73cfacf-1\" name=\"gwolle_gb_250bcaad5cbc1001b5f983a7f73cfacf\" class=\"gwolle_gb_250bcaad5cbc1001b5f983a7f73cfacf\" style=\"transform: translateY(10000px);\" \/>\n\t\t\t\t\t<input value=\"12143\" type=\"text\"id=\"gwolle_gb_6a0939da0a05dfc17cade770465c6fb0-1\" name=\"gwolle_gb_6a0939da0a05dfc17cade770465c6fb0\" class=\"gwolle_gb_6a0939da0a05dfc17cade770465c6fb0\" style=\"transform: translateY(10000px);\" \/>\n\t\t\t\t<\/div>\n\t\t\t\t<div class=\"clearBoth\"><\/div>\n\t\t\t<\/div><div class=\"gwolle_gb_content\">\n\t\t\t\t<div class=\"label\"><label for=\"gwolle_gb_content-1\" class=\"text-info\">Message du livre d\u2019or <span class=\"required\">*<\/span><\/label><\/div>\n\t\t\t\t<div class=\"input\"><textarea id=\"gwolle_gb_content-1\" name=\"gwolle_gb_content\" class=\"gwolle_gb_content wp-exclude-emoji\" required ><\/textarea><\/div>\n\t\t\t\t\t<div class=\"clearBoth\">&nbsp;<\/div>\n\t\t\t\t<\/div><input type=\"hidden\" class=\"gwolle_gb_bf3a5b651af0be0f4276fdc2ff354e63\" id=\"gwolle_gb_bf3a5b651af0be0f4276fdc2ff354e63-1\" name=\"gwolle_gb_bf3a5b651af0be0f4276fdc2ff354e63\" value=\"9d6daed694\" \/>\n\t\t\t<div class=\"gwolle-gb-messages-bottom-container\"><\/div>\n\n\t\t\t<noscript><div class=\"no-js\">Avertissement\u00a0: Ce formulaire ne peut \u00eatre utilis\u00e9 que si JavaScript est activ\u00e9 dans votre navigateur.<\/div><\/noscript>\n\n\t\t\t<div class=\"gwolle_gb_submit gwolle-gb-submit\">\n\t\t\t\t<div class=\"label gwolle-gb-invisible text-muted\">&nbsp;<\/div>\n\t\t\t\t<div class=\"input\">\n\t\t\t\t\t<input type=\"submit\" name=\"gwolle_gb_submit\" class=\"gwolle_gb_submit button btn btn-primary \" value=\"Envoyer\" \/>\n\t\t\t\t\t<span class=\"gwolle_gb_submit_ajax_icon gwolle-gb-submit-ajax-icon\"><\/span>\n\t\t\t\n\t\t\t\t<\/div>\n\t\t\t\t<div class=\"clearBoth\">&nbsp;<\/div>\n\t\t\t<\/div>\n\n\t\t\t<div class=\"gwolle_gb_notice gwolle-gb-notice\">\n\t\t\t\tLe nom est obligatoire.\n\t\t\t<\/div><\/form><div class=\"gwolle-gb-read gwolle-gb-ajax gwolle-gb-entries-list\" data-book_id=\"1\">(Pas de message)<\/div><\/div>\n","protected":false},"excerpt":{"rendered":"","protected":false},"author":1,"featured_media":0,"parent":0,"menu_order":0,"comment_status":"closed","ping_status":"open","template":"","meta":{"_price":"","_stock":"","_tribe_ticket_header":"","_tribe_default_ticket_provider":"","_tribe_ticket_capacity":"0","_ticket_start_date":"","_ticket_end_date":"","_tribe_ticket_show_description":"","_tribe_ticket_show_not_going":false,"_tribe_ticket_use_global_stock":"","_tribe_ticket_global_stock_level":"","_global_stock_mode":"","_global_stock_cap":"","_tribe_rsvp_for_event":"","_tribe_ticket_going_count":"","_tribe_ticket_not_going_count":"","_tribe_tickets_list":"[]","_tribe_ticket_has_attendee_info_fields":false,"footnotes":"","_tec_slr_enabled":"","_tec_slr_layout":""},"class_list":["post-2196","page","type-page","status-publish","hentry","nodate","item-wrap"],"ticketed":false,"_links":{"self":[{"href":"https:\/\/kanannevet.fr\/blog\/index.php?rest_route=\/wp\/v2\/pages\/2196","targetHints":{"allow":["GET"]}}],"collection":[{"href":"https:\/\/kanannevet.fr\/blog\/index.php?rest_route=\/wp\/v2\/pages"}],"about":[{"href":"https:\/\/kanannevet.fr\/blog\/index.php?rest_route=\/wp\/v2\/types\/page"}],"author":[{"embeddable":true,"href":"https:\/\/kanannevet.fr\/blog\/index.php?rest_route=\/wp\/v2\/users\/1"}],"replies":[{"embeddable":true,"href":"https:\/\/kanannevet.fr\/blog\/index.php?rest_route=%2Fwp%2Fv2%2Fcomments&post=2196"}],"version-history":[{"count":3,"href":"https:\/\/kanannevet.fr\/blog\/index.php?rest_route=\/wp\/v2\/pages\/2196\/revisions"}],"predecessor-version":[{"id":2200,"href":"https:\/\/kanannevet.fr\/blog\/index.php?rest_route=\/wp\/v2\/pages\/2196\/revisions\/2200"}],"wp:attachment":[{"href":"https:\/\/kanannevet.fr\/blog\/index.php?rest_route=%2Fwp%2Fv2%2Fmedia&parent=2196"}],"curies":[{"name":"wp","href":"https:\/\/api.w.org\/{rel}","templated":true}]}}