{"id":11211,"date":"2025-07-20T09:18:13","date_gmt":"2025-07-20T07:18:13","guid":{"rendered":"https:\/\/kanannevet.fr\/blog\/?page_id=11211"},"modified":"2025-07-20T09:19:46","modified_gmt":"2025-07-20T07:19:46","slug":"depart-de-marie-francoise-et-gerard","status":"publish","type":"page","link":"https:\/\/kanannevet.fr\/blog\/?page_id=11211","title":{"rendered":"D\u00e9part de Marie-Fran\u00e7oise et G\u00e9rard"},"content":{"rendered":"<p>Le\u00a0 03\/07\/2025<\/p>\n<p><strong>Marie Fran\u00e7oise<\/strong>, notre accord\u00e9oniste diatonique et <strong>G\u00e9rard<\/strong>, notre ing\u00e9nieur photos et vid\u00e9os mettent fin \u00e0 leur participation \u00e0 la chorale.<\/p>\n<p style=\"text-align: center;\"><a href=\"https:\/\/kanannevet.fr\/blog\/wp-content\/uploads\/2025\/07\/2025-07-03-Pot-Marie-Francoise-et-Gerard-11-scaled.jpg\" target=\"_blank\" rel=\"noopener\"><img loading=\"lazy\" decoding=\"async\" class=\"aligncenter wp-image-11202 size-medium\" src=\"https:\/\/kanannevet.fr\/blog\/wp-content\/uploads\/2025\/07\/2025-07-03-Pot-Marie-Francoise-et-Gerard-11-300x225.jpg\" alt=\"\" width=\"300\" height=\"225\" srcset=\"https:\/\/kanannevet.fr\/blog\/wp-content\/uploads\/2025\/07\/2025-07-03-Pot-Marie-Francoise-et-Gerard-11-300x225.jpg 300w, https:\/\/kanannevet.fr\/blog\/wp-content\/uploads\/2025\/07\/2025-07-03-Pot-Marie-Francoise-et-Gerard-11-1024x768.jpg 1024w, https:\/\/kanannevet.fr\/blog\/wp-content\/uploads\/2025\/07\/2025-07-03-Pot-Marie-Francoise-et-Gerard-11-768x576.jpg 768w, https:\/\/kanannevet.fr\/blog\/wp-content\/uploads\/2025\/07\/2025-07-03-Pot-Marie-Francoise-et-Gerard-11-1536x1152.jpg 1536w, https:\/\/kanannevet.fr\/blog\/wp-content\/uploads\/2025\/07\/2025-07-03-Pot-Marie-Francoise-et-Gerard-11-2048x1536.jpg 2048w, https:\/\/kanannevet.fr\/blog\/wp-content\/uploads\/2025\/07\/2025-07-03-Pot-Marie-Francoise-et-Gerard-11-750x563.jpg 750w\" sizes=\"auto, (max-width: 300px) 100vw, 300px\" \/><\/a><\/p>\n<p>Ci-dessus, Michel le Pr\u00e9sident les remercie de nous avoir accompagn\u00e9 pendant de nombreuses ann\u00e9es.<\/p>\n<p>&nbsp;<\/p>\n<p style=\"text-align: center;\"><a href=\"https:\/\/kanannevet.fr\/blog\/wp-content\/uploads\/2025\/07\/2025-07-03-Pot-Marie-Francoise-et-Gerard-7-scaled.jpg\" target=\"_blank\" rel=\"noopener\"><img loading=\"lazy\" decoding=\"async\" class=\"aligncenter wp-image-11198 size-medium\" src=\"https:\/\/kanannevet.fr\/blog\/wp-content\/uploads\/2025\/07\/2025-07-03-Pot-Marie-Francoise-et-Gerard-7-300x225.jpg\" alt=\"\" width=\"300\" height=\"225\" srcset=\"https:\/\/kanannevet.fr\/blog\/wp-content\/uploads\/2025\/07\/2025-07-03-Pot-Marie-Francoise-et-Gerard-7-300x225.jpg 300w, https:\/\/kanannevet.fr\/blog\/wp-content\/uploads\/2025\/07\/2025-07-03-Pot-Marie-Francoise-et-Gerard-7-1024x768.jpg 1024w, https:\/\/kanannevet.fr\/blog\/wp-content\/uploads\/2025\/07\/2025-07-03-Pot-Marie-Francoise-et-Gerard-7-768x576.jpg 768w, https:\/\/kanannevet.fr\/blog\/wp-content\/uploads\/2025\/07\/2025-07-03-Pot-Marie-Francoise-et-Gerard-7-1536x1152.jpg 1536w, https:\/\/kanannevet.fr\/blog\/wp-content\/uploads\/2025\/07\/2025-07-03-Pot-Marie-Francoise-et-Gerard-7-2048x1536.jpg 2048w, https:\/\/kanannevet.fr\/blog\/wp-content\/uploads\/2025\/07\/2025-07-03-Pot-Marie-Francoise-et-Gerard-7-750x563.jpg 750w\" sizes=\"auto, (max-width: 300px) 100vw, 300px\" \/><\/a> <a href=\"https:\/\/kanannevet.fr\/blog\/wp-content\/uploads\/2025\/07\/2025-07-03-Pot-Marie-Francoise-et-Gerard-6-scaled.jpg\" target=\"_blank\" rel=\"noopener\"><img loading=\"lazy\" decoding=\"async\" class=\"aligncenter wp-image-11197 size-medium\" src=\"https:\/\/kanannevet.fr\/blog\/wp-content\/uploads\/2025\/07\/2025-07-03-Pot-Marie-Francoise-et-Gerard-6-300x225.jpg\" alt=\"\" width=\"300\" height=\"225\" srcset=\"https:\/\/kanannevet.fr\/blog\/wp-content\/uploads\/2025\/07\/2025-07-03-Pot-Marie-Francoise-et-Gerard-6-300x225.jpg 300w, https:\/\/kanannevet.fr\/blog\/wp-content\/uploads\/2025\/07\/2025-07-03-Pot-Marie-Francoise-et-Gerard-6-1024x768.jpg 1024w, https:\/\/kanannevet.fr\/blog\/wp-content\/uploads\/2025\/07\/2025-07-03-Pot-Marie-Francoise-et-Gerard-6-768x576.jpg 768w, https:\/\/kanannevet.fr\/blog\/wp-content\/uploads\/2025\/07\/2025-07-03-Pot-Marie-Francoise-et-Gerard-6-1536x1152.jpg 1536w, https:\/\/kanannevet.fr\/blog\/wp-content\/uploads\/2025\/07\/2025-07-03-Pot-Marie-Francoise-et-Gerard-6-2048x1536.jpg 2048w, https:\/\/kanannevet.fr\/blog\/wp-content\/uploads\/2025\/07\/2025-07-03-Pot-Marie-Francoise-et-Gerard-6-750x563.jpg 750w\" sizes=\"auto, (max-width: 300px) 100vw, 300px\" \/><\/a> <a href=\"https:\/\/kanannevet.fr\/blog\/wp-content\/uploads\/2025\/07\/2025-07-03-Pot-Marie-Francoise-et-Gerard-5-scaled.jpg\" target=\"_blank\" rel=\"noopener\"><img loading=\"lazy\" decoding=\"async\" class=\"aligncenter wp-image-11196 size-medium\" src=\"https:\/\/kanannevet.fr\/blog\/wp-content\/uploads\/2025\/07\/2025-07-03-Pot-Marie-Francoise-et-Gerard-5-300x255.jpg\" alt=\"\" width=\"300\" height=\"255\" srcset=\"https:\/\/kanannevet.fr\/blog\/wp-content\/uploads\/2025\/07\/2025-07-03-Pot-Marie-Francoise-et-Gerard-5-300x255.jpg 300w, https:\/\/kanannevet.fr\/blog\/wp-content\/uploads\/2025\/07\/2025-07-03-Pot-Marie-Francoise-et-Gerard-5-1024x870.jpg 1024w, https:\/\/kanannevet.fr\/blog\/wp-content\/uploads\/2025\/07\/2025-07-03-Pot-Marie-Francoise-et-Gerard-5-768x653.jpg 768w, https:\/\/kanannevet.fr\/blog\/wp-content\/uploads\/2025\/07\/2025-07-03-Pot-Marie-Francoise-et-Gerard-5-1536x1305.jpg 1536w, https:\/\/kanannevet.fr\/blog\/wp-content\/uploads\/2025\/07\/2025-07-03-Pot-Marie-Francoise-et-Gerard-5-2048x1740.jpg 2048w, https:\/\/kanannevet.fr\/blog\/wp-content\/uploads\/2025\/07\/2025-07-03-Pot-Marie-Francoise-et-Gerard-5-750x637.jpg 750w\" sizes=\"auto, (max-width: 300px) 100vw, 300px\" \/><\/a> <a href=\"https:\/\/kanannevet.fr\/blog\/wp-content\/uploads\/2025\/07\/2025-07-03-Pot-Marie-Francoise-et-Gerard-4-scaled.jpg\" target=\"_blank\" rel=\"noopener\"><img loading=\"lazy\" decoding=\"async\" class=\"aligncenter wp-image-11195 size-medium\" src=\"https:\/\/kanannevet.fr\/blog\/wp-content\/uploads\/2025\/07\/2025-07-03-Pot-Marie-Francoise-et-Gerard-4-300x225.jpg\" alt=\"\" width=\"300\" height=\"225\" srcset=\"https:\/\/kanannevet.fr\/blog\/wp-content\/uploads\/2025\/07\/2025-07-03-Pot-Marie-Francoise-et-Gerard-4-300x225.jpg 300w, https:\/\/kanannevet.fr\/blog\/wp-content\/uploads\/2025\/07\/2025-07-03-Pot-Marie-Francoise-et-Gerard-4-1024x768.jpg 1024w, https:\/\/kanannevet.fr\/blog\/wp-content\/uploads\/2025\/07\/2025-07-03-Pot-Marie-Francoise-et-Gerard-4-768x576.jpg 768w, https:\/\/kanannevet.fr\/blog\/wp-content\/uploads\/2025\/07\/2025-07-03-Pot-Marie-Francoise-et-Gerard-4-1536x1152.jpg 1536w, https:\/\/kanannevet.fr\/blog\/wp-content\/uploads\/2025\/07\/2025-07-03-Pot-Marie-Francoise-et-Gerard-4-2048x1536.jpg 2048w, https:\/\/kanannevet.fr\/blog\/wp-content\/uploads\/2025\/07\/2025-07-03-Pot-Marie-Francoise-et-Gerard-4-750x563.jpg 750w\" sizes=\"auto, (max-width: 300px) 100vw, 300px\" \/><\/a> <a href=\"https:\/\/kanannevet.fr\/blog\/wp-content\/uploads\/2025\/07\/2025-07-03-Pot-Marie-Francoise-et-Gerard-3-scaled.jpg\" target=\"_blank\" rel=\"noopener\"><img loading=\"lazy\" decoding=\"async\" class=\"aligncenter wp-image-11194 size-medium\" src=\"https:\/\/kanannevet.fr\/blog\/wp-content\/uploads\/2025\/07\/2025-07-03-Pot-Marie-Francoise-et-Gerard-3-300x225.jpg\" alt=\"\" width=\"300\" height=\"225\" srcset=\"https:\/\/kanannevet.fr\/blog\/wp-content\/uploads\/2025\/07\/2025-07-03-Pot-Marie-Francoise-et-Gerard-3-300x225.jpg 300w, https:\/\/kanannevet.fr\/blog\/wp-content\/uploads\/2025\/07\/2025-07-03-Pot-Marie-Francoise-et-Gerard-3-1024x768.jpg 1024w, https:\/\/kanannevet.fr\/blog\/wp-content\/uploads\/2025\/07\/2025-07-03-Pot-Marie-Francoise-et-Gerard-3-768x576.jpg 768w, https:\/\/kanannevet.fr\/blog\/wp-content\/uploads\/2025\/07\/2025-07-03-Pot-Marie-Francoise-et-Gerard-3-1536x1152.jpg 1536w, https:\/\/kanannevet.fr\/blog\/wp-content\/uploads\/2025\/07\/2025-07-03-Pot-Marie-Francoise-et-Gerard-3-2048x1536.jpg 2048w, https:\/\/kanannevet.fr\/blog\/wp-content\/uploads\/2025\/07\/2025-07-03-Pot-Marie-Francoise-et-Gerard-3-750x563.jpg 750w\" sizes=\"auto, (max-width: 300px) 100vw, 300px\" \/><\/a> <a href=\"https:\/\/kanannevet.fr\/blog\/wp-content\/uploads\/2025\/07\/2025-07-03-Pot-Marie-Francoise-et-Gerard-2-scaled.jpg\" target=\"_blank\" rel=\"noopener\"><img loading=\"lazy\" decoding=\"async\" class=\"aligncenter wp-image-11193 size-medium\" src=\"https:\/\/kanannevet.fr\/blog\/wp-content\/uploads\/2025\/07\/2025-07-03-Pot-Marie-Francoise-et-Gerard-2-300x223.jpg\" alt=\"\" width=\"300\" height=\"223\" srcset=\"https:\/\/kanannevet.fr\/blog\/wp-content\/uploads\/2025\/07\/2025-07-03-Pot-Marie-Francoise-et-Gerard-2-300x223.jpg 300w, https:\/\/kanannevet.fr\/blog\/wp-content\/uploads\/2025\/07\/2025-07-03-Pot-Marie-Francoise-et-Gerard-2-1024x761.jpg 1024w, https:\/\/kanannevet.fr\/blog\/wp-content\/uploads\/2025\/07\/2025-07-03-Pot-Marie-Francoise-et-Gerard-2-768x571.jpg 768w, https:\/\/kanannevet.fr\/blog\/wp-content\/uploads\/2025\/07\/2025-07-03-Pot-Marie-Francoise-et-Gerard-2-1536x1142.jpg 1536w, https:\/\/kanannevet.fr\/blog\/wp-content\/uploads\/2025\/07\/2025-07-03-Pot-Marie-Francoise-et-Gerard-2-2048x1523.jpg 2048w, https:\/\/kanannevet.fr\/blog\/wp-content\/uploads\/2025\/07\/2025-07-03-Pot-Marie-Francoise-et-Gerard-2-750x558.jpg 750w\" sizes=\"auto, (max-width: 300px) 100vw, 300px\" \/><\/a> <a href=\"https:\/\/kanannevet.fr\/blog\/wp-content\/uploads\/2025\/07\/2025-07-03-Pot-Marie-Francoise-et-Gerard-1-scaled.jpg\" target=\"_blank\" rel=\"noopener\"><img loading=\"lazy\" decoding=\"async\" class=\"aligncenter wp-image-11192 size-medium\" src=\"https:\/\/kanannevet.fr\/blog\/wp-content\/uploads\/2025\/07\/2025-07-03-Pot-Marie-Francoise-et-Gerard-1-300x225.jpg\" alt=\"\" width=\"300\" height=\"225\" srcset=\"https:\/\/kanannevet.fr\/blog\/wp-content\/uploads\/2025\/07\/2025-07-03-Pot-Marie-Francoise-et-Gerard-1-300x225.jpg 300w, https:\/\/kanannevet.fr\/blog\/wp-content\/uploads\/2025\/07\/2025-07-03-Pot-Marie-Francoise-et-Gerard-1-1024x768.jpg 1024w, https:\/\/kanannevet.fr\/blog\/wp-content\/uploads\/2025\/07\/2025-07-03-Pot-Marie-Francoise-et-Gerard-1-768x576.jpg 768w, https:\/\/kanannevet.fr\/blog\/wp-content\/uploads\/2025\/07\/2025-07-03-Pot-Marie-Francoise-et-Gerard-1-1536x1152.jpg 1536w, https:\/\/kanannevet.fr\/blog\/wp-content\/uploads\/2025\/07\/2025-07-03-Pot-Marie-Francoise-et-Gerard-1-2048x1536.jpg 2048w, https:\/\/kanannevet.fr\/blog\/wp-content\/uploads\/2025\/07\/2025-07-03-Pot-Marie-Francoise-et-Gerard-1-750x563.jpg 750w\" sizes=\"auto, (max-width: 300px) 100vw, 300px\" \/><\/a><\/p>\n<p>&nbsp;<\/p>\n<p style=\"text-align: center;\">******************************************************************************************************<\/p>\n","protected":false},"excerpt":{"rendered":"<p>Le\u00a0 03\/07\/2025 Marie Fran\u00e7oise, notre accord\u00e9oniste diatonique et G\u00e9rard, notre ing\u00e9nieur photos et vid\u00e9os mettent fin \u00e0 leur participation \u00e0 la chorale. Ci-dessus, Michel le Pr\u00e9sident les remercie de nous avoir accompagn\u00e9 pendant de nombreuses ann\u00e9es. &nbsp; &nbsp; ******************************************************************************************************<\/p>\n","protected":false},"author":1,"featured_media":0,"parent":0,"menu_order":0,"comment_status":"closed","ping_status":"closed","template":"","meta":{"_price":"","_stock":"","_tribe_ticket_header":"","_tribe_default_ticket_provider":"","_tribe_ticket_capacity":"0","_ticket_start_date":"","_ticket_end_date":"","_tribe_ticket_show_description":"","_tribe_ticket_show_not_going":false,"_tribe_ticket_use_global_stock":"","_tribe_ticket_global_stock_level":"","_global_stock_mode":"","_global_stock_cap":"","_tribe_rsvp_for_event":"","_tribe_ticket_going_count":"","_tribe_ticket_not_going_count":"","_tribe_tickets_list":"[]","_tribe_ticket_has_attendee_info_fields":false,"footnotes":"","_tec_slr_enabled":"","_tec_slr_layout":""},"class_list":["post-11211","page","type-page","status-publish","hentry","nodate","item-wrap"],"ticketed":false,"_links":{"self":[{"href":"https:\/\/kanannevet.fr\/blog\/index.php?rest_route=\/wp\/v2\/pages\/11211","targetHints":{"allow":["GET"]}}],"collection":[{"href":"https:\/\/kanannevet.fr\/blog\/index.php?rest_route=\/wp\/v2\/pages"}],"about":[{"href":"https:\/\/kanannevet.fr\/blog\/index.php?rest_route=\/wp\/v2\/types\/page"}],"author":[{"embeddable":true,"href":"https:\/\/kanannevet.fr\/blog\/index.php?rest_route=\/wp\/v2\/users\/1"}],"replies":[{"embeddable":true,"href":"https:\/\/kanannevet.fr\/blog\/index.php?rest_route=%2Fwp%2Fv2%2Fcomments&post=11211"}],"version-history":[{"count":2,"href":"https:\/\/kanannevet.fr\/blog\/index.php?rest_route=\/wp\/v2\/pages\/11211\/revisions"}],"predecessor-version":[{"id":11213,"href":"https:\/\/kanannevet.fr\/blog\/index.php?rest_route=\/wp\/v2\/pages\/11211\/revisions\/11213"}],"wp:attachment":[{"href":"https:\/\/kanannevet.fr\/blog\/index.php?rest_route=%2Fwp%2Fv2%2Fmedia&parent=11211"}],"curies":[{"name":"wp","href":"https:\/\/api.w.org\/{rel}","templated":true}]}}